{"id":116,"date":"2016-11-14T17:32:43","date_gmt":"2016-11-14T17:32:43","guid":{"rendered":"http:\/\/matlap.org\/s\/?page_id=116"},"modified":"2026-02-16T10:26:30","modified_gmt":"2026-02-16T08:26:30","slug":"2-2","status":"publish","type":"page","link":"http:\/\/matlap.org\/s\/2-2\/","title":{"rendered":"3,5%"},"content":{"rendered":"<p style=\"text-align: left;\"><strong>Tan\u00e1rok, sz\u00fcl\u0151k figyelm\u00e9be!<\/strong><\/p>\n<p style=\"text-align: left;\">Tisztelettel k\u00e9rj\u00fck t\u00e1mogassa adom\u00e1ny\u00e1val a Matlap kiad\u00f3j\u00e1t, a Rad\u00f3 Ferenc Matematikam\u0171vel\u0151 T\u00e1rsas\u00e1got. J\u00f6vedelemad\u00f3ja <a href=\"http:\/\/matlap.org\/s\/wp-content\/uploads\/2024\/03\/Anaf_230_AsocdeCultaMatemRadoFerenc2023.pdf\"><strong>3,5%<\/strong><\/a>-\u00e1val jelent\u0151sen hozz\u00e1j\u00e1rulhat a lap fenntart\u00e1s\u00e1hoz, kiad\u00e1si k\u00f6lts\u00e9geinek fedez\u00e9s\u00e9hez, a feladatmegold\u00f3k d\u00edjaz\u00e1s\u00e1hoz.<\/p>\n<p style=\"text-align: left;\">Amennyiben fizet\u00e9sb\u0151l vagy nyugd\u00edjb\u00f3l sz\u00e1rmaz\u00f3 j\u00f6vedelme van, a csatolt formanyomtatv\u00e1ny kit\u00f6lt\u00e9s\u00e9vel rendelkezhet a m\u00e1r kifizetett ad\u00f3ja 3,5 %-r\u00f3l.\u00a0A csatolt nyomtatv\u00e1ny m\u00e1sodik oldal\u00e1nak els\u0151 soraiban kiv\u00e1laszthat\u00f3, hogy az ad\u00f3sz\u00e1zal\u00e9kokr\u00f3l \u00d6n egy, vagy k\u00e9t \u00e9vre rendelkezik. A csatolm\u00e1nyban a k\u00e9t \u00e9vre sz\u00f3l\u00f3 opci\u00f3t jel\u00f6lt\u00fck be. Amennyiben ezt m\u00f3dos\u00edtani szeren\u00e9, akkor ez lehets\u00e9ges a f\u00f6l\u00f6tte lev\u0151 sor megjel\u00f6l\u00e9s\u00e9vel.<\/p>\n<p style=\"text-align: left;\">Az ad\u00f3hivatal honlapj\u00e1n on-line kit\u00f6lt\u00e9sre is lehet\u0151s\u00e9g van: https:\/\/static.anaf.ro\/static\/10\/Anaf\/Declaratii_R\/230.html<\/p>\n<p style=\"text-align: left;\">K\u00f6sz\u00f6nj\u00fck mindazoknak, akik az elm\u00falt \u00e9vekben j\u00f6vedelemad\u00f3juk 3,5%-\u00e1t a Matlapnak aj\u00e1nlott\u00e1k fel.<\/p>\n<p style=\"text-align: left;\"><span style=\"color: #ff0000;\"><strong>!!!!<\/strong><\/span>A kit\u00f6lt\u00f6tt nyomtatv\u00e1nyt mindenki a k\u00f6rzet\u00e9hez tartoz\u00f3 ad\u00f3hivatalnak kell bek\u00fcldje. <strong>Hat\u00e1rid\u0151: 2026. m\u00e1jus 25.<\/strong><\/p>\n<p style=\"text-align: left;\"><strong>ASOCIATIA DE CULTIVARE A MATEMATICII RADO FERENC<\/strong><\/p>\n<p style=\"text-align: left;\"><strong>Cod de identificare fiscal\u0103: 6053500<\/strong><\/p>\n<p style=\"text-align: left;\"><strong>IBAN: RO80BRDE130SV07819511300<\/strong><\/p>\n<p>A T\u00e1rsas\u00e1g adataival kit\u00f6lt\u00f6tt \u0171rlap:<\/p>\n<p><a href=\"http:\/\/matlap.org\/s\/wp-content\/uploads\/2026\/02\/Matlap_3.5_2025.pdf\">http:\/\/matlap.org\/s\/wp-content\/uploads\/2025\/04\/230_Matlap_2025.pdf<\/a><\/p>\n<p>\u00a0<\/p>\n<p style=\"text-align: left;\">\u00a0<\/p>\n\n\n<p><\/p>\n","protected":false},"excerpt":{"rendered":"<p>Tan\u00e1rok, sz\u00fcl\u0151k figyelm\u00e9be! Tisztelettel k\u00e9rj\u00fck t\u00e1mogassa adom\u00e1ny\u00e1val a Matlap kiad\u00f3j\u00e1t, a Rad\u00f3 Ferenc Matematikam\u0171vel\u0151 T\u00e1rsas\u00e1got. J\u00f6vedelemad\u00f3ja 3,5%-\u00e1val jelent\u0151sen hozz\u00e1j\u00e1rulhat a lap fenntart\u00e1s\u00e1hoz, kiad\u00e1si k\u00f6lts\u00e9geinek fedez\u00e9s\u00e9hez, a feladatmegold\u00f3k d\u00edjaz\u00e1s\u00e1hoz. Amennyiben fizet\u00e9sb\u0151l vagy nyugd\u00edjb\u00f3l sz\u00e1rmaz\u00f3 j\u00f6vedelme van, a csatolt formanyomtatv\u00e1ny kit\u00f6lt\u00e9s\u00e9vel rendelkezhet a m\u00e1r kifizetett ad\u00f3ja 3,5 %-r\u00f3l.\u00a0A csatolt nyomtatv\u00e1ny m\u00e1sodik oldal\u00e1nak els\u0151 soraiban kiv\u00e1laszthat\u00f3, hogy az&hellip; <a class=\"read-more-link\" href=\"http:\/\/matlap.org\/s\/2-2\/\">Tov\u00e1bb<\/a><\/p>\n","protected":false},"author":1,"featured_media":0,"parent":0,"menu_order":0,"comment_status":"closed","ping_status":"closed","template":"","meta":{"footnotes":""},"_links":{"self":[{"href":"http:\/\/matlap.org\/s\/wp-json\/wp\/v2\/pages\/116"}],"collection":[{"href":"http:\/\/matlap.org\/s\/wp-json\/wp\/v2\/pages"}],"about":[{"href":"http:\/\/matlap.org\/s\/wp-json\/wp\/v2\/types\/page"}],"author":[{"embeddable":true,"href":"http:\/\/matlap.org\/s\/wp-json\/wp\/v2\/users\/1"}],"replies":[{"embeddable":true,"href":"http:\/\/matlap.org\/s\/wp-json\/wp\/v2\/comments?post=116"}],"version-history":[{"count":34,"href":"http:\/\/matlap.org\/s\/wp-json\/wp\/v2\/pages\/116\/revisions"}],"predecessor-version":[{"id":1558,"href":"http:\/\/matlap.org\/s\/wp-json\/wp\/v2\/pages\/116\/revisions\/1558"}],"wp:attachment":[{"href":"http:\/\/matlap.org\/s\/wp-json\/wp\/v2\/media?parent=116"}],"curies":[{"name":"wp","href":"https:\/\/api.w.org\/{rel}","templated":true}]}}