{"id":22,"date":"2020-05-18T13:42:47","date_gmt":"2020-05-18T10:42:47","guid":{"rendered":"http:\/\/matlap.org\/s\/?page_id=22"},"modified":"2025-09-09T10:09:16","modified_gmt":"2025-09-09T08:09:16","slug":"pontverseny","status":"publish","type":"page","link":"http:\/\/matlap.org\/s\/pontverseny\/","title":{"rendered":"Pontverseny &#8211; 2025-2026 tan\u00e9v &#8211; feladatmegold\u00e1sok bek\u00fcld\u00e9se"},"content":{"rendered":"\n<p><\/p>\n\n\n<p><span style=\"color: red;\">Kedves Feladatmegold\u00f3k! <\/span><\/p>\n<p>A Matlap a <strong>2025-2026<\/strong>-os tan\u00e9vben is meghirdeti a pontversenyt feladatmegold\u00f3i sz\u00e1m\u00e1ra. Az \u00f6sszes\u00edt\u00e9sn\u00e9l lapunk 2024\/7-2025\/5 sz\u00e1maiban kit\u0171z\u00f6tt feladatokra bek\u00fcld\u00f6tt megold\u00e1sokat vessz\u00fck figyelembe. A d\u00edjazott tanul\u00f3k legal\u00e1bb \u00f6t lapsz\u00e1mb\u00f3l kell bek\u00fcldjenek megold\u00e1sokat. A verseny eredm\u00e9ny\u00e9t lapunk 2026\/7 sz\u00e1m\u00e1ban k\u00f6z\u00f6lj\u00fck.<\/p>\n<p>Amennyiben siker\u00fcl t\u00e1mogat\u00f3kat szerezni, melyhez ez\u00fattal is k\u00e9rj\u00fck a tan\u00e1rok \u00e9s a sz\u00fcl\u0151k seg\u00edts\u00e9g\u00e9t (szponzoriz\u00e1l\u00e1s, j\u00f6vedelemad\u00f3 3,5%), akkor az elm\u00falt tan\u00e9vekhez hasonl\u00f3an, a legjobb feladatmegold\u00f3inkat lehet\u0151s\u00e9geink szerint d\u00edjazzuk.<\/p>\n<p>A <strong>Kit\u0171z\u00f6tt feladatok<\/strong> rovatban minden helyesen megoldott feladat 5 pontot \u00e9r.<\/p>\n<p>A<strong> Logikai feladv\u00e1nyok<\/strong> rovatban kit\u0171z\u00f6tt feladatokra minden tanul\u00f3 k\u00fcldhet megold\u00e1sokat, oszt\u00e1ly\u00e1t\u00f3l f\u00fcggetlen\u00fcl. Minden helyesen megoldott feladat 5 pontot \u00e9r. Ezek a pontok nem sz\u00e1m\u00edtanak be az \u00e9vi pontversenybe.<\/p>\n<p>Felh\u00edvjuk feladatmegold\u00f3ink figyelm\u00e9t, hogy egy\u00e9ni, r\u00e9szletesen le\u00edrt megold\u00e1sokat k\u00fcldjenek, az ismereteiknek megfelel\u0151 m\u00f3dszerek alkalmaz\u00e1s\u00e1val. Sz\u00f3 szerint m\u00e1solt, egyforma megold\u00e1sokat nem fogadunk el, a puszta eredm\u00e9nyk\u00f6zl\u00e9st nem \u00e9rt\u00e9kelj\u00fck. A kit\u0171z\u00f6tt feladatok megold\u00e1s\u00e1t k\u00e9t lapsz\u00e1mmal k\u00e9s\u0151bb k\u00f6z\u00f6lj\u00fck (esetenk\u00e9nt v\u00e1logat\u00e1st ezekb\u0151l a feladatokb\u00f3l), k\u00e9rj\u00fck olvas\u00f3inkat tanulm\u00e1nyozz\u00e1k ezeket, mert nagyon sokat tanulhatnak bel\u0151le.<\/p>\n<p><strong>A bek\u00fcld\u00f6tt feladatok megold\u00e1s\u00e1n\u00e1l k\u00e9rj\u00fck, hogy mindenki tartsa figyelembe a k\u00f6vetkez\u0151 formai k\u00f6vetelm\u00e9nyeket<\/strong>:<\/p>\n<ul>\n<li>A megold\u00e1sokat e-mailben lehet bek\u00fcldeni, a <strong>matlapmegoldasok@yahoo.com<\/strong> c\u00edmre.<\/li>\n<li>A lev\u00e9l t\u00e1rgya a ,,Matlap-7&#8221; bejegyz\u00e9s legyen, illetve a tov\u00e1bbiakban amelyik lapsz\u00e1m megold\u00e1s\u00e1t tartalmazza a lev\u00e9l, annak a sz\u00e1ma.<\/li>\n<li>Az e-mail sz\u00f6vege az <strong>\u00d6sszes\u00edt\u0151 lap<\/strong>, ezt k\u00e9rj\u00fck mindenki g\u00e9pelje be. A k\u00f6vetkez\u0151 adatok jelenjenek meg: <strong><em>feladatmegold\u00f3 neve<\/em>; <em>iskol\u00e1ja neve; helys\u00e9g, ahol az iskola van; oszt\u00e1ly; tan\u00e1r neve; a megoldott feladatok sorsz\u00e1ma n\u00f6vekv\u0151 sorrendben<\/em><\/strong> (szerz\u0151, oldalsz\u00e1m, sz\u00f6veg nem kell).<\/li>\n<li>A feladatok megold\u00e1s\u00e1t k\u00e9zzel \u00edrott form\u00e1ban k\u00e9rj\u00fck, olvashat\u00f3an, rendezett k\u00fclalakkal, csatolm\u00e1nyban. Minden feladat megold\u00e1sa k\u00fcl\u00f6n oldalon legyen! (Ezt sajnos sokan nem tartj\u00e1k be, ami nagyon megnehez\u00edti a jav\u00edt\u00e1st, k\u00fcl\u00f6n\u00f6sen azokn\u00e1l akik sok megold\u00e1st k\u00fcldenek.) <strong>A feladatok sz\u00f6veg\u00e9t nem kell lem\u00e1solni, csak a feladat sorsz\u00e1m\u00e1t felt\u00fcntetni.<\/strong> <br \/>A lapban felt\u00fcntetett hat\u00e1rid\u0151t k\u00e9rj\u00fck tarts\u00e1tok be. <strong><em>Term\u00e9szetesen hamarabb is lehet k\u00fcldeni a megold\u00e1sokat, nem csak az utols\u00f3 napokban.<\/em><\/strong><\/li>\n<li>A csatolm\u00e1ny <strong>egy f\u00e1jl<\/strong> legyen (sok feladat eset\u00e9n kett\u0151) <strong>pdf form\u00e1tumban,<\/strong> a feladatok sorsz\u00e1muk szerint legyenek rendezve. Okostelefonra let\u00f6lthet\u0151 t\u00f6bbf\u00e9le, nagyon egyszer\u0171en m\u0171k\u00f6d\u0151, k\u00f6nnyen kezelhet\u0151 applik\u00e1ci\u00f3, \u00edgy a telefon gyakorlatilag szkennerk\u00e9nt m\u0171k\u00f6dik, \u00e9s azonnal nagyon j\u00f3 min\u0151s\u00e9g\u0171 pdf f\u00e1jlt k\u00e9sz\u00edt a lef\u00e9nyk\u00e9pezett oldalakr\u00f3l. Lehet\u0151leg term\u00e9szetes f\u00e9nyn\u00e9l f\u00e9nyk\u00e9pezd, \u00e9s ellen\u0151rizzd, hogy t\u00e9nyleg olvashat\u00f3, l\u00e1that\u00f3 a megold\u00e1s!<\/li>\n<li>A feladatmegold\u00f3k a megold\u00e1sok szerkeszt\u0151s\u00e9g\u00fcnkbe val\u00f3 bek\u00fcld\u00e9s\u00e9vel tudom\u00e1sul veszik \u00e9s beleegyeznek, hogy nev\u00fck, iskol\u00e1juk neve, pontsz\u00e1muk a Feladatmegold\u00f3k rovat\u00e1ban szerepeljen. A d\u00edjazott tanul\u00f3k n\u00e9vsora, arck\u00e9pcsarnoka honlapunkon, facebook oldalunkon is megjelenik.<\/li>\n<\/ul>\n<blockquote>\n<p><span style=\"color: #ff0000;\">\u00a0<\/span><\/p>\n<\/blockquote>","protected":false},"excerpt":{"rendered":"<p>Kedves Feladatmegold\u00f3k! A Matlap a 2025-2026-os tan\u00e9vben is meghirdeti a pontversenyt feladatmegold\u00f3i sz\u00e1m\u00e1ra. Az \u00f6sszes\u00edt\u00e9sn\u00e9l lapunk 2024\/7-2025\/5 sz\u00e1maiban kit\u0171z\u00f6tt feladatokra bek\u00fcld\u00f6tt megold\u00e1sokat vessz\u00fck figyelembe. A d\u00edjazott tanul\u00f3k legal\u00e1bb \u00f6t lapsz\u00e1mb\u00f3l kell bek\u00fcldjenek megold\u00e1sokat. A verseny eredm\u00e9ny\u00e9t lapunk 2026\/7 sz\u00e1m\u00e1ban k\u00f6z\u00f6lj\u00fck. Amennyiben siker\u00fcl t\u00e1mogat\u00f3kat szerezni, melyhez ez\u00fattal is k\u00e9rj\u00fck a tan\u00e1rok \u00e9s a sz\u00fcl\u0151k seg\u00edts\u00e9g\u00e9t (szponzoriz\u00e1l\u00e1s,&hellip; <a class=\"read-more-link\" href=\"http:\/\/matlap.org\/s\/pontverseny\/\">Tov\u00e1bb<\/a><\/p>\n","protected":false},"author":1,"featured_media":0,"parent":0,"menu_order":0,"comment_status":"closed","ping_status":"closed","template":"","meta":{"footnotes":""},"_links":{"self":[{"href":"http:\/\/matlap.org\/s\/wp-json\/wp\/v2\/pages\/22"}],"collection":[{"href":"http:\/\/matlap.org\/s\/wp-json\/wp\/v2\/pages"}],"about":[{"href":"http:\/\/matlap.org\/s\/wp-json\/wp\/v2\/types\/page"}],"author":[{"embeddable":true,"href":"http:\/\/matlap.org\/s\/wp-json\/wp\/v2\/users\/1"}],"replies":[{"embeddable":true,"href":"http:\/\/matlap.org\/s\/wp-json\/wp\/v2\/comments?post=22"}],"version-history":[{"count":27,"href":"http:\/\/matlap.org\/s\/wp-json\/wp\/v2\/pages\/22\/revisions"}],"predecessor-version":[{"id":1541,"href":"http:\/\/matlap.org\/s\/wp-json\/wp\/v2\/pages\/22\/revisions\/1541"}],"wp:attachment":[{"href":"http:\/\/matlap.org\/s\/wp-json\/wp\/v2\/media?parent=22"}],"curies":[{"name":"wp","href":"https:\/\/api.w.org\/{rel}","templated":true}]}}