{"id":25,"date":"2016-09-21T18:43:00","date_gmt":"2016-09-21T18:43:00","guid":{"rendered":"http:\/\/matlap.org\/s\/?page_id=25"},"modified":"2021-12-15T11:12:27","modified_gmt":"2021-12-15T08:12:27","slug":"tartalomjegyzek","status":"publish","type":"page","link":"http:\/\/matlap.org\/s\/tartalomjegyzek\/","title":{"rendered":"Tartalomjegyz\u00e9k"},"content":{"rendered":"\n<p><\/p>\n\n\n\n<p><a href=\"http:\/\/matlap.org\/s\/wp-content\/uploads\/2021\/12\/Tartalom2021.pdf\">Matlap 2021. \u00e9vi tartalomjegyz\u00e9ke<\/a><\/p>\n\n\n\n<p><a href=\"http:\/\/matlap.org\/s\/wp-content\/uploads\/2019\/12\/Tartalom2019.pdf\">Matlap 2019. \u00e9vi tartalomjegyz\u00e9ke<\/a><\/p>\n\n\n\n<p><a href=\"http:\/\/matlap.org\/s\/wp-content\/uploads\/2016\/09\/Tartalom2017.pdf\" data-wplink-edit=\"true\">Matlap 2017. \u00e9vi tartalomjegyz\u00e9ke<\/a><\/p>\n\n\n\n<p><a href=\"http:\/\/matlap.org\/s\/wp-content\/uploads\/2016\/09\/Tartalom2016.pdf\">Matlap 2016. \u00e9vi tartalomjegyz\u00e9ke<\/a><\/p>\n\n\n\n<p><a href=\"http:\/\/matlap.org\/s\/wp-content\/uploads\/2016\/09\/Tartalom2015.pdf\">Matlap 2015. \u00e9vi tartalomjegyz\u00e9ke<\/a><\/p>\n\n\n\n<p><a href=\"http:\/\/matlap.org\/s\/wp-content\/uploads\/2016\/11\/tartalom_1997_2006.pdf\"><strong>A Matlapban megjelent cikkek tartalomjegyz\u00e9ke 1997-2006<\/strong><\/a><\/p>\n\n\n\n<p><br><\/p>\n","protected":false},"excerpt":{"rendered":"<p>Matlap 2021. \u00e9vi tartalomjegyz\u00e9ke Matlap 2019. \u00e9vi tartalomjegyz\u00e9ke Matlap 2017. \u00e9vi tartalomjegyz\u00e9ke Matlap 2016. \u00e9vi tartalomjegyz\u00e9ke Matlap 2015. \u00e9vi tartalomjegyz\u00e9ke A Matlapban megjelent cikkek tartalomjegyz\u00e9ke 1997-2006<\/p>\n","protected":false},"author":1,"featured_media":0,"parent":0,"menu_order":0,"comment_status":"closed","ping_status":"closed","template":"","meta":{"footnotes":""},"_links":{"self":[{"href":"http:\/\/matlap.org\/s\/wp-json\/wp\/v2\/pages\/25"}],"collection":[{"href":"http:\/\/matlap.org\/s\/wp-json\/wp\/v2\/pages"}],"about":[{"href":"http:\/\/matlap.org\/s\/wp-json\/wp\/v2\/types\/page"}],"author":[{"embeddable":true,"href":"http:\/\/matlap.org\/s\/wp-json\/wp\/v2\/users\/1"}],"replies":[{"embeddable":true,"href":"http:\/\/matlap.org\/s\/wp-json\/wp\/v2\/comments?post=25"}],"version-history":[{"count":22,"href":"http:\/\/matlap.org\/s\/wp-json\/wp\/v2\/pages\/25\/revisions"}],"predecessor-version":[{"id":904,"href":"http:\/\/matlap.org\/s\/wp-json\/wp\/v2\/pages\/25\/revisions\/904"}],"wp:attachment":[{"href":"http:\/\/matlap.org\/s\/wp-json\/wp\/v2\/media?parent=25"}],"curies":[{"name":"wp","href":"https:\/\/api.w.org\/{rel}","templated":true}]}}