{"id":28,"date":"2016-09-21T18:43:13","date_gmt":"2016-09-21T15:43:13","guid":{"rendered":"http:\/\/matlap.org\/s\/?page_id=28"},"modified":"2022-03-14T13:27:31","modified_gmt":"2022-03-14T10:27:31","slug":"cikkek","status":"publish","type":"page","link":"http:\/\/matlap.org\/s\/cikkek\/","title":{"rendered":"Cikkek"},"content":{"rendered":"<p><a href=\"http:\/\/matlap.org\/s\/wp-content\/uploads\/2022\/03\/ZsomboriGabi2004_november.pdf\">Zsombori Gabriella: T\u00fckr\u00f6m, t\u00fckr\u00f6m, mondd el n\u00e9kem<\/a> &#8211; Matlap 2004\/9 (2022.03.15.)<\/p>\n<p><a href=\"http:\/\/matlap.org\/s\/wp-content\/uploads\/2022\/03\/ML719-elemi_megoldott.pdf\">Elemi oszt\u00e1lyos feladatok megold\u00e1si m\u00f3dszerei<\/a> (2022.03.08.)<\/p>\n<p style=\"text-align: left;\"><a href=\"http:\/\/matlap.org\/s\/wp-content\/uploads\/2020\/04\/KolumbanSandor919.pdf\">Kolumb\u00e1n S\u00e1ndor: Sz\u00fcks\u00e9ges-e a matematika a szoftverfejleszt\u00e9shez?\u00a0 <\/a>(2020.04.18.)<\/p>\n<p style=\"text-align: left;\"><a href=\"http:\/\/matlap.org\/s\/wp-content\/uploads\/2016\/09\/Matematikai_helyesi\u0301ra\u0301si_szo\u0301gyu\u030bjteme\u0301ny.pdf\">Matematikai helyes\u00edr\u00e1si sz\u00f3gy\u0171jtem\u00e9ny <\/a><\/p>\n<p style=\"text-align: left;\"><strong>V\u00e1logat\u00e1s a Matlap r\u00e9gebbi sz\u00e1maiban megjelent cikkekb\u0151l:<\/strong><\/p>\n<p>\u00a0<\/p>\n<p><a href=\"http:\/\/matlap.org\/s\/wp-content\/uploads\/2016\/11\/Kassay_Szabo_2_2009.pdf\">Kassay Ildik\u00f3, Szab\u00f3 Bertalan: A skatulya-elv (2009\/2)<\/a><\/p>\n<p><a href=\"http:\/\/matlap.org\/s\/wp-content\/uploads\/2016\/11\/OloszF_7_2010.pdf\">Olosz Ferenc: T\u00f6bbismeretlenes egyenletek megold\u00e1sa (2010\/7)<\/a><\/p>\n<p><a href=\"http:\/\/matlap.org\/s\/wp-content\/uploads\/2016\/11\/OloszF_5_2013.pdf\">Olosz Ferenc: M\u0171helysarok \u2013 A <b id=\"m_-1383538094666133742yui_3_16_0_1_1476120612531_4095\">\u03c0<\/b>\u00a0sz\u00e1m (2013\/5)<\/a><\/p>\n<p><a href=\"http:\/\/matlap.org\/s\/wp-content\/uploads\/2016\/11\/OloszF_1_2014.pdf\">Olosz Ferenc: A tanul\u00f3k alapos munk\u00e1ra val\u00f3 szoktat\u00e1s\u00e1r\u00f3l (2014\/1)<\/a><\/p>\n<p><a href=\"http:\/\/matlap.org\/s\/wp-content\/uploads\/2016\/11\/OloszF_7_2015.pdf\">Olosz Ferenc: M\u0171helysarok \u2013Tehets\u00e9g \u00e9s munka a matematik\u00e1ban (2015\/7)<\/a><\/p>\n<p><a href=\"http:\/\/matlap.org\/s\/wp-content\/uploads\/2016\/11\/OrbanGy_10_2012.pdf\">Orb\u00e1n Gy\u00f6rgy: K\u00f6z\u00e9p\u00e9rt\u00e9kek (2012\/10)<\/a><\/p>\n<p><a href=\"http:\/\/matlap.org\/s\/wp-content\/uploads\/2016\/11\/RokaS_2_2013.pdf\">R\u00f3ka S\u00e1ndor: Elhib\u00e1zott megold\u00e1sok (2013\/2)<\/a><\/p>\n<p>Szenkovits Ferenc: Alkalmaz\u00e1sok szerepe \u00e9s helye a matematikaoktat\u00e1sban I, III, IV (2007\/9, 2008\/1,2)<\/p>\n<p><a href=\"http:\/\/matlap.org\/s\/wp-content\/uploads\/2019\/06\/SzilagyiJutkapoli2018.pdf\">Szil\u00e1gyi Judit: Felv\u00e9teli vizsg\u00e1n kit\u0171z\u00f6tt feladatok &#8211; M\u0171szaki Egyetem, Kolozsv\u00e1r, 2018 (2019\/5)<\/a><\/p>\n<p><a href=\"http:\/\/matlap.org\/s\/wp-content\/uploads\/2016\/09\/Poli2017.pdf\">Szil\u00e1gyi Judit: Felv\u00e9teli vizsg\u00e1n kit\u0171z\u00f6tt feladatok &#8211; M\u0171szaki Egyetem, Kolozsv\u00e1r, 2017 (2018\/6)<\/a><\/p>\n<p><a href=\"http:\/\/matlap.org\/s\/wp-content\/uploads\/2019\/06\/SzilagyiJutkapoli2016.pdf\">Szil\u00e1gyi Judit: Felv\u00e9teli vizsg\u00e1n kit\u0171z\u00f6tt feladatok &#8211; M\u0171szaki Egyetem, Kolozsv\u00e1r, 2016 (2017\/6)<\/a><\/p>\n<p><a href=\"http:\/\/matlap.org\/s\/wp-content\/uploads\/2016\/11\/Tuzson_1_2013.pdf\">Tuzson Zolt\u00e1n: A teveszab\u00e1ly \u00e9s alkalmaz\u00e1sai (2013\/1)<\/a><\/p>\n<p><a href=\"http:\/\/matlap.org\/s\/wp-content\/uploads\/2016\/11\/Tuzson_8_2014.pdf\">Tuzson Zolt\u00e1n: A lehetetlens\u00e9gre visszavezet\u00e9s m\u00f3dszere (2014\/8)<\/a><\/p>\n<p><a href=\"http:\/\/matlap.org\/s\/wp-content\/uploads\/2016\/11\/MeszarJ_2014_10.pdf\">M\u00e9sz\u00e1r Julianna: Maradj talpon Josephusszal!\u00a0(2014\/10)<\/a><\/p>\n<p>\u00a0<\/p>\n\n\n<p><\/p>\n","protected":false},"excerpt":{"rendered":"<p>Zsombori Gabriella: T\u00fckr\u00f6m, t\u00fckr\u00f6m, mondd el n\u00e9kem &#8211; Matlap 2004\/9 (2022.03.15.) Elemi oszt\u00e1lyos feladatok megold\u00e1si m\u00f3dszerei (2022.03.08.) Kolumb\u00e1n S\u00e1ndor: Sz\u00fcks\u00e9ges-e a matematika a szoftverfejleszt\u00e9shez?\u00a0 (2020.04.18.) Matematikai helyes\u00edr\u00e1si sz\u00f3gy\u0171jtem\u00e9ny V\u00e1logat\u00e1s a Matlap r\u00e9gebbi sz\u00e1maiban megjelent cikkekb\u0151l: \u00a0 Kassay Ildik\u00f3, Szab\u00f3 Bertalan: A skatulya-elv (2009\/2) Olosz Ferenc: T\u00f6bbismeretlenes egyenletek megold\u00e1sa (2010\/7) Olosz Ferenc: M\u0171helysarok \u2013 A \u03c0\u00a0sz\u00e1m&hellip; <a class=\"read-more-link\" href=\"http:\/\/matlap.org\/s\/cikkek\/\">Tov\u00e1bb<\/a><\/p>\n","protected":false},"author":1,"featured_media":0,"parent":0,"menu_order":0,"comment_status":"closed","ping_status":"closed","template":"","meta":{"footnotes":""},"_links":{"self":[{"href":"http:\/\/matlap.org\/s\/wp-json\/wp\/v2\/pages\/28"}],"collection":[{"href":"http:\/\/matlap.org\/s\/wp-json\/wp\/v2\/pages"}],"about":[{"href":"http:\/\/matlap.org\/s\/wp-json\/wp\/v2\/types\/page"}],"author":[{"embeddable":true,"href":"http:\/\/matlap.org\/s\/wp-json\/wp\/v2\/users\/1"}],"replies":[{"embeddable":true,"href":"http:\/\/matlap.org\/s\/wp-json\/wp\/v2\/comments?post=28"}],"version-history":[{"count":24,"href":"http:\/\/matlap.org\/s\/wp-json\/wp\/v2\/pages\/28\/revisions"}],"predecessor-version":[{"id":958,"href":"http:\/\/matlap.org\/s\/wp-json\/wp\/v2\/pages\/28\/revisions\/958"}],"wp:attachment":[{"href":"http:\/\/matlap.org\/s\/wp-json\/wp\/v2\/media?parent=28"}],"curies":[{"name":"wp","href":"https:\/\/api.w.org\/{rel}","templated":true}]}}