{"id":31,"date":"2016-09-21T18:43:26","date_gmt":"2016-09-21T18:43:26","guid":{"rendered":"http:\/\/matlap.org\/s\/?page_id=31"},"modified":"2024-01-14T11:58:35","modified_gmt":"2024-01-14T09:58:35","slug":"matlap-talalkozo","status":"publish","type":"page","link":"http:\/\/matlap.org\/s\/matlap-talalkozo\/","title":{"rendered":"Matlap tal\u00e1lkoz\u00f3"},"content":{"rendered":"<p>A Rad\u00f3 Ferenc Matematikam\u0171vel\u0151 T\u00e1rsas\u00e1g 2006 \u00f3ta jobb m\u0171k\u00f6d\u00e9se c\u00e9lj\u00e1b\u00f3l tal\u00e1lkoz\u00f3t szervez a Matlappal egy\u00fcttm\u0171k\u00f6d\u0151 matematikatan\u00e1rok sz\u00e1m\u00e1ra, amelyre a Magyar Tudom\u00e1ny Napja Erd\u00e9lyben rendezv\u00e9nysorozat keret\u00e9ben ker\u00fcl sor. A Matematika \u00e9s Informatika alkalmaz\u00e1sokkal konferencia didaktika szekci\u00f3j\u00e1nak r\u00e9sztvev\u0151i megvitatj\u00e1k a matematikaoktat\u00e1s aktu\u00e1lis helyzet\u00e9t, a Matlap jelen\u00e9t \u00e9s j\u00f6v\u0151j\u00e9t, valamint szakmai el\u0151ad\u00e1sokon vesznek r\u00e9szt.<\/p>\n<p>A rendezv\u00e9ny keret\u00e9ben \u00fcnnep\u00e9lyes k\u00f6r\u00fclm\u00e9nyek k\u00f6z\u00f6tt \u00e1tad\u00e1sra ker\u00fcl a Farkas Gyula Eml\u00e9k\u00e9rem.<\/p>\n<p>A tal\u00e1lkoz\u00f3ra a Matlap szerkeszt\u0151s\u00e9ge c\u00edm\u00e9n lehet jelentkezni.<\/p>\n<p><strong>Besz\u00e1mol\u00f3k az el\u0151z\u0151 \u00e9vek tal\u00e1lkoz\u00f3ir\u00f3l:<\/strong><strong>\u00a0<\/strong><\/p>\n<ul>\n<li><a href=\"http:\/\/matlap.org\/s\/wp-content\/uploads\/2016\/11\/matlaptalalkozo_2013_10.pdf\">A Matlap 60 \u00e9ve \u2013 Eml\u00e9kkonferencia (Matlap 2013\/10)<\/a><\/li>\n<li><a href=\"http:\/\/matlap.org\/s\/wp-content\/uploads\/2016\/11\/matlaptalalkozo_2014_10.pdf\">A Magyar Tudom\u00e1ny Napja Erd\u00e9lyben \u2013 Konferencia \u00e9s tal\u00e1lkoz\u00f3 (Matlap 2014\/10)<\/a><\/li>\n<li><a href=\"http:\/\/matlap.org\/s\/wp-content\/uploads\/2016\/11\/matlaptalalkozo_2015_10.pdf\">Konferencia \u00e9s tal\u00e1lkoz\u00f3 a Magyar Tudom\u00e1ny Napj\u00e1n (Matlap 2015\/10)<\/a><\/li>\n<\/ul>\n","protected":false},"excerpt":{"rendered":"<p>A Rad\u00f3 Ferenc Matematikam\u0171vel\u0151 T\u00e1rsas\u00e1g 2006 \u00f3ta jobb m\u0171k\u00f6d\u00e9se c\u00e9lj\u00e1b\u00f3l tal\u00e1lkoz\u00f3t szervez a Matlappal egy\u00fcttm\u0171k\u00f6d\u0151 matematikatan\u00e1rok sz\u00e1m\u00e1ra, amelyre a Magyar Tudom\u00e1ny Napja Erd\u00e9lyben rendezv\u00e9nysorozat keret\u00e9ben ker\u00fcl sor. A Matematika \u00e9s Informatika alkalmaz\u00e1sokkal konferencia didaktika szekci\u00f3j\u00e1nak r\u00e9sztvev\u0151i megvitatj\u00e1k a matematikaoktat\u00e1s aktu\u00e1lis helyzet\u00e9t, a Matlap jelen\u00e9t \u00e9s j\u00f6v\u0151j\u00e9t, valamint szakmai el\u0151ad\u00e1sokon vesznek r\u00e9szt. A rendezv\u00e9ny keret\u00e9ben \u00fcnnep\u00e9lyes&hellip; <a class=\"read-more-link\" href=\"http:\/\/matlap.org\/s\/matlap-talalkozo\/\">Tov\u00e1bb<\/a><\/p>\n","protected":false},"author":1,"featured_media":0,"parent":0,"menu_order":0,"comment_status":"closed","ping_status":"closed","template":"","meta":{"footnotes":""},"_links":{"self":[{"href":"http:\/\/matlap.org\/s\/wp-json\/wp\/v2\/pages\/31"}],"collection":[{"href":"http:\/\/matlap.org\/s\/wp-json\/wp\/v2\/pages"}],"about":[{"href":"http:\/\/matlap.org\/s\/wp-json\/wp\/v2\/types\/page"}],"author":[{"embeddable":true,"href":"http:\/\/matlap.org\/s\/wp-json\/wp\/v2\/users\/1"}],"replies":[{"embeddable":true,"href":"http:\/\/matlap.org\/s\/wp-json\/wp\/v2\/comments?post=31"}],"version-history":[{"count":6,"href":"http:\/\/matlap.org\/s\/wp-json\/wp\/v2\/pages\/31\/revisions"}],"predecessor-version":[{"id":1342,"href":"http:\/\/matlap.org\/s\/wp-json\/wp\/v2\/pages\/31\/revisions\/1342"}],"wp:attachment":[{"href":"http:\/\/matlap.org\/s\/wp-json\/wp\/v2\/media?parent=31"}],"curies":[{"name":"wp","href":"https:\/\/api.w.org\/{rel}","templated":true}]}}