{"id":4,"date":"2016-09-21T18:27:14","date_gmt":"2016-09-21T18:27:14","guid":{"rendered":"http:\/\/matlap.org\/s\/?page_id=4"},"modified":"2021-11-11T21:36:12","modified_gmt":"2021-11-11T18:36:12","slug":"rado-ferenc-matematikamuvelo-tarsasag","status":"publish","type":"page","link":"http:\/\/matlap.org\/s\/rado-ferenc-matematikamuvelo-tarsasag\/","title":{"rendered":"Rad\u00f3 Ferenc Matematikam\u0171vel\u0151 T\u00e1rsas\u00e1g"},"content":{"rendered":"<p>A <strong>Rad\u00f3 Ferenc Matematikam\u0171vel\u0151 T\u00e1rsas\u00e1g<\/strong> 1993-ban alakult. C\u00e9lja a matematikai kult\u00fara terjeszt\u00e9se \u00e9s k\u00f6zelebb vitele a tanul\u00f3khoz \u00e9s a sz\u00fcl\u0151kh\u00f6z, az iskolai matematikaoktat\u00e1s \u00e9s a speci\u00e1lis szakkiadv\u00e1nyok t\u00e1mogat\u00e1sa, tan\u00e1rok, gyerekek \u00e9s fiatalok sz\u00e1m\u00e1ra szakmai tev\u00e9kenys\u00e9gek szervez\u00e9se.<img loading=\"lazy\" decoding=\"async\" class=\"wp-image-866 alignright\" src=\"http:\/\/matlap.org\/s\/wp-content\/uploads\/2021\/11\/RadoFerenc1-222x300.jpg\" alt=\"\" width=\"107\" height=\"145\" \/><\/p>\n<p>Mindezeken kereszt\u00fcl a Babe\u015f-Bolyai Tudom\u00e1nyegyetem kiv\u00e1l\u00f3 tan\u00e1r\u00e1nak \u2013 \u00a0\u00a0\u00a0 <a href=\"http:\/\/matlap.org\/s\/wp-content\/uploads\/2016\/09\/RadoFerenc.pdf\">Rad\u00f3 Ferenc<\/a> (1921\u20131990) matematikaprofesszor \u2013 eml\u00e9ke el\u0151tt tisztelg\u00fcnk, akinek kutat\u00e1sai a matematika k\u00fcl\u00f6nb\u00f6z\u0151 ter\u00fcletein \u00fagy haz\u00e1nkban, mint a hat\u00e1rokon k\u00edv\u00fcl ismertt\u00e9 tett\u00e9k. Az a figyelem, amit a matematika oktat\u00e1s\u00e1nak \u00e9s n\u00e9pszer\u0171s\u00edt\u00e9s\u00e9nek szentelt, k\u00f6vetend\u0151 p\u00e9lda sz\u00e1munkra.<\/p>\n<p style=\"text-align: right;\">Rad\u00f3 Ferenc\u00a0\u00a0 <\/p>\n<p>A T\u00e1rsas\u00e1g szakmai jelleg\u0171, non-profit szervezet. M\u0171k\u00f6d\u00e9s\u00e9t, tev\u00e9kenys\u00e9geit adom\u00e1nyokb\u00f3l \u00e9s p\u00e1ly\u00e1zatokb\u00f3l elnyert t\u00e1mogat\u00e1sokb\u00f3l fedezi.<\/p>\n<p style=\"text-align: right;\">\u00a0<\/p>\n<p><strong>Eln\u00f6k:\u00a0<\/strong>dr. Szenkovits Ferenc, BBTE<\/p>\n<p><strong>Aleln\u00f6k: <\/strong>dr. K\u00e1sa Zolt\u00e1n, Sapientia EMTE<\/p>\n<p><strong>Tagok:<\/strong> matematikatan\u00e1rok \u00e9s m\u00e1s szem\u00e9lyek<\/p>\n\n\n<p><\/p>\n","protected":false},"excerpt":{"rendered":"<p>A Rad\u00f3 Ferenc Matematikam\u0171vel\u0151 T\u00e1rsas\u00e1g 1993-ban alakult. C\u00e9lja a matematikai kult\u00fara terjeszt\u00e9se \u00e9s k\u00f6zelebb vitele a tanul\u00f3khoz \u00e9s a sz\u00fcl\u0151kh\u00f6z, az iskolai matematikaoktat\u00e1s \u00e9s a speci\u00e1lis szakkiadv\u00e1nyok t\u00e1mogat\u00e1sa, tan\u00e1rok, gyerekek \u00e9s fiatalok sz\u00e1m\u00e1ra szakmai tev\u00e9kenys\u00e9gek szervez\u00e9se. Mindezeken kereszt\u00fcl a Babe\u015f-Bolyai Tudom\u00e1nyegyetem kiv\u00e1l\u00f3 tan\u00e1r\u00e1nak \u2013 \u00a0\u00a0\u00a0 Rad\u00f3 Ferenc (1921\u20131990) matematikaprofesszor \u2013 eml\u00e9ke el\u0151tt tisztelg\u00fcnk, akinek kutat\u00e1sai&hellip; <a class=\"read-more-link\" href=\"http:\/\/matlap.org\/s\/rado-ferenc-matematikamuvelo-tarsasag\/\">Tov\u00e1bb<\/a><\/p>\n","protected":false},"author":1,"featured_media":0,"parent":0,"menu_order":0,"comment_status":"closed","ping_status":"closed","template":"","meta":{"footnotes":""},"_links":{"self":[{"href":"http:\/\/matlap.org\/s\/wp-json\/wp\/v2\/pages\/4"}],"collection":[{"href":"http:\/\/matlap.org\/s\/wp-json\/wp\/v2\/pages"}],"about":[{"href":"http:\/\/matlap.org\/s\/wp-json\/wp\/v2\/types\/page"}],"author":[{"embeddable":true,"href":"http:\/\/matlap.org\/s\/wp-json\/wp\/v2\/users\/1"}],"replies":[{"embeddable":true,"href":"http:\/\/matlap.org\/s\/wp-json\/wp\/v2\/comments?post=4"}],"version-history":[{"count":7,"href":"http:\/\/matlap.org\/s\/wp-json\/wp\/v2\/pages\/4\/revisions"}],"predecessor-version":[{"id":1461,"href":"http:\/\/matlap.org\/s\/wp-json\/wp\/v2\/pages\/4\/revisions\/1461"}],"wp:attachment":[{"href":"http:\/\/matlap.org\/s\/wp-json\/wp\/v2\/media?parent=4"}],"curies":[{"name":"wp","href":"https:\/\/api.w.org\/{rel}","templated":true}]}}