{"id":41,"date":"2016-09-21T18:44:03","date_gmt":"2016-09-21T18:44:03","guid":{"rendered":"http:\/\/matlap.org\/s\/?page_id=41"},"modified":"2016-09-24T10:16:19","modified_gmt":"2016-09-24T10:16:19","slug":"linkek","status":"publish","type":"page","link":"http:\/\/matlap.org\/s\/linkek\/","title":{"rendered":"Linkek"},"content":{"rendered":"<p>K\u00f6MaL \u2013 K\u00f6z\u00e9piskolai Matematikai \u00e9s Fizikai Lapok<\/p>\n<p><a href=\"http:\/\/www.komal.hu\">www.komal.hu<\/a><\/p>\n<p>&nbsp;<\/p>\n<p>BBTE \u2013 Matematika \u00e9s Informatika Kar<\/p>\n<p><a href=\"http:\/\/www.cs.ubbcluj.ro\/hu\/\">http:\/\/www.cs.ubbcluj.ro\/hu\/<\/a><\/p>\n","protected":false},"excerpt":{"rendered":"<p>K\u00f6MaL \u2013 K\u00f6z\u00e9piskolai Matematikai \u00e9s Fizikai Lapok www.komal.hu &nbsp; BBTE \u2013 Matematika \u00e9s Informatika Kar http:\/\/www.cs.ubbcluj.ro\/hu\/<\/p>\n","protected":false},"author":1,"featured_media":0,"parent":0,"menu_order":0,"comment_status":"closed","ping_status":"closed","template":"","meta":{"footnotes":""},"_links":{"self":[{"href":"http:\/\/matlap.org\/s\/wp-json\/wp\/v2\/pages\/41"}],"collection":[{"href":"http:\/\/matlap.org\/s\/wp-json\/wp\/v2\/pages"}],"about":[{"href":"http:\/\/matlap.org\/s\/wp-json\/wp\/v2\/types\/page"}],"author":[{"embeddable":true,"href":"http:\/\/matlap.org\/s\/wp-json\/wp\/v2\/users\/1"}],"replies":[{"embeddable":true,"href":"http:\/\/matlap.org\/s\/wp-json\/wp\/v2\/comments?post=41"}],"version-history":[{"count":2,"href":"http:\/\/matlap.org\/s\/wp-json\/wp\/v2\/pages\/41\/revisions"}],"predecessor-version":[{"id":70,"href":"http:\/\/matlap.org\/s\/wp-json\/wp\/v2\/pages\/41\/revisions\/70"}],"wp:attachment":[{"href":"http:\/\/matlap.org\/s\/wp-json\/wp\/v2\/media?parent=41"}],"curies":[{"name":"wp","href":"https:\/\/api.w.org\/{rel}","templated":true}]}}