{"id":49,"date":"2016-09-21T18:46:33","date_gmt":"2016-09-21T18:46:33","guid":{"rendered":"http:\/\/matlap.org\/s\/?page_id=49"},"modified":"2022-08-03T11:26:49","modified_gmt":"2022-08-03T08:26:49","slug":"farkas-gyula-emlekerem","status":"publish","type":"page","link":"http:\/\/matlap.org\/s\/farkas-gyula-emlekerem\/","title":{"rendered":"Farkas Gyula-eml\u00e9k\u00e9rem"},"content":{"rendered":"<p><strong>Farkas Gyula-eml\u00e9k\u00e9rem alap\u00edt\u00f3 okirata<\/strong><\/p>\n<p><strong>I.\u00a0<\/strong><strong>Indokl\u00e1s<\/strong><\/p>\n<p>Az Eml\u00e9k\u00e9rem alap\u00edt\u00e1s\u00e1nak c\u00e9lja, hogy a rom\u00e1niai magyar nyelv\u0171 matematikai \u00e9s informatikai ismeretek terjeszt\u00e9s\u00e9ben \u00e9s a tehets\u00e9ggondoz\u00e1sban kiemelked\u0151 eredm\u00e9nyt el\u00e9rt szakemberek tev\u00e9kenys\u00e9g\u00e9t elismerje.<\/p>\n<p>Az Eml\u00e9k\u00e9remmel kifejezett elismer\u00e9s erk\u00f6lcsi jelleg\u0171, p\u00e9nzjutalommal nem j\u00e1r.<\/p>\n<p>A Farkas Gyula-eml\u00e9k\u00e9rem Sz\u00e9chenyi Kinga m\u0171ve, m\u0171v\u00e9szi kivitel\u0171 bronzplakett, Farkas Gyula k\u00e9p\u00e9vel \u00e9s a k\u00f6vetkez\u0151 felirattal: \u201eFarkas Gyula D\u00edj\u201d.<\/p>\n<p>Ezen alap\u00edt\u00f3 okirat a Farkas Gyula Egyes\u00fclet a Matematik\u00e1\u00e9rt \u00e9s Informatik\u00e1\u00e9rt alapszab\u00e1ly\u00e1nak mell\u00e9klete. Megv\u00e1ltoztat\u00e1sa azzal azonos m\u00f3don lehets\u00e9ges. Ezen alap\u00edt\u00f3 okiratot az Egyes\u00fclet K\u00f6zgy\u0171l\u00e9se 2006. szeptember h\u00f3 28-\u00e1n elfogadta.<\/p>\n<p><strong>II. A Farkas Gyula-eml\u00e9k\u00e9rem adom\u00e1nyoz\u00e1s\u00e1nak rendje<\/strong><\/p>\n<p>Az Eml\u00e9k\u00e9rmet \u00e9vente egy alkalommal, novemberben adjuk \u00e1t legfeljebb h\u00e1rom szem\u00e9lynek A Magyar Tudom\u00e1ny Napja Erd\u00e9lyben rendezv\u00e9nysorozat keret\u00e9ben.<\/p>\n<p>Az Eml\u00e9k\u00e9rem oda\u00edt\u00e9l\u00e9s\u00e9nek el\u0151k\u00e9sz\u00edt\u00e9se a Farkas Gyula-eml\u00e9k\u00e9rem Bizotts\u00e1g (a tov\u00e1bbiakban: Bizotts\u00e1g) feladata. A Bizotts\u00e1g eln\u00f6ke az Egyes\u00fclet eln\u00f6ke, \u00e9s h\u00e9t tagja: az Egyes\u00fclet \u00fcgyvezet\u0151 eln\u00f6ke, k\u00e9t aleln\u00f6ke, az EME Matematikai \u00e9s Informatikai szakoszt\u00e1ly\u00e1nak eln\u00f6ke, titk\u00e1ra, a Rad\u00f3 Ferenc Matematikam\u0171vel\u0151 T\u00e1rsas\u00e1g, valamint a Matlap szerkeszt\u0151s\u00e9g\u00e9nek egy-egy k\u00e9pvisel\u0151je.<\/p>\n<p>Az Eml\u00e9k\u00e9rmet elnyer\u0151 szem\u00e9lyekre az Egyes\u00fclet b\u00e1rmelyik tagja tehet \u00edr\u00e1sbeli javaslatot, megfelel\u0151 indokl\u00e1ssal, bele\u00e9rtve a Bizotts\u00e1g tagjait is. Javaslatot lehet tenni minden \u00e9v szeptember 30-ig.<\/p>\n<p>A javaslatokat a Bizotts\u00e1g tagjai egy\u00fcttesen megt\u00e1rgyalj\u00e1k. A d\u00f6nt\u00e9st egyszer\u0171 sz\u00f3t\u00f6bbs\u00e9ggel hozz\u00e1k meg. A szavaz\u00e1s akkor \u00e9rv\u00e9nyes, ha az \u00fcl\u00e9sen az eln\u00f6k \u00e9s legal\u00e1bb n\u00e9gy tag szem\u00e9lyesen r\u00e9szt vesz. Egyenl\u0151 sz\u00e1m\u00fa szavazatok eset\u00e9n az eln\u00f6k szavazata d\u00f6nt.<\/p>\n<p>Az Eml\u00e9k\u00e9rem \u00e9s vele j\u00e1r\u00f3 Eml\u00e9klap \u00e1tad\u00e1sakor a Bizotts\u00e1g eln\u00f6ke ismerteti \u00e9s indokolja a d\u00f6nt\u00e9st.<\/p>\n<p><strong>III. Ki volt Farkas Gyula?<\/strong><\/p>\n<p>Farkas Gyula (S\u00e1rosd, 1847. m\u00e1rcius 28.\u2013Pestszentl\u0151rinc, 1930. december 26.) magyar matematikus, aki a kolozsv\u00e1ri egyetemen a matematikusok \u00e9s fizikusok k\u00f6r\u00e9ben kiemelked\u0151 szerepet j\u00e1tszott.<\/p>\n<p>S\u00e1rosdon sz\u00fcletett, egyetemi tanulm\u00e1nyait Budapesten v\u00e9gezte, ahol Jedlik \u00c1nyos volt r\u00e1 nagy hat\u00e1ssal. Batthy\u00e1ny G\u00e9za gr\u00f3f j\u00f3volt\u00e1b\u00f3l franciaorsz\u00e1gi tanulm\u00e1ny\u00faton vett r\u00e9szt.<\/p>\n<p>Fiatalkori matematikai eredm\u00e9nyei k\u00f6z\u00fcl kivil\u00e1glik Bolyai Farkas trinomegyenletekre vonatkoz\u00f3 \u2013 a Tentamenben r\u00f6viden t\u00e1rgyalt \u2013 gy\u00f6kk\u00f6zel\u00edt\u0151 algoritmus\u00e1val kapcsolatos vizsg\u00e1latai. Ez\u00e1ltal a Bolyai-algoritmus igen ismertt\u00e9 v\u00e1lt; \u00e1ltal\u00e1nos\u00edt\u00e1saival, alkalmaz\u00e1saival, a vele kapcsolatos konvergenciaprobl\u00e9m\u00e1k vizsg\u00e1lat\u00e1val t\u00f6bb magyar \u00e9s k\u00fclf\u00f6ldi matematikus foglalkozott.<\/p>\n<p>Pesten mag\u00e1ntan\u00e1r, majd 1887-ben kinevezik a kolozsv\u00e1ri egyetem tan\u00e1r\u00e1nak. 1888-ban az egyetem rendes tan\u00e1ra lett, \u00e9s e min\u0151s\u00e9g\u00e9ben 1915-ig (nyugd\u00edjba vonul\u00e1s\u00e1ig) m\u0171k\u00f6d\u00f6tt. T\u00f6bbsz\u00f6r volt d\u00e9k\u00e1n \u00e9s egyszer rektor. Ortvay Rudolf, egykori tan\u00e1rseg\u00e9dje \u00edrta r\u00f3la, hogy \u201em\u00e9lyrehat\u00f3 kritika, a hajthatatlan, mell\u00e9kes szempontok \u00e1ltal el nem t\u00e9r\u00edthet\u0151 keres\u00e9se az igazs\u00e1gnak jellemezte \u00fagy tudom\u00e1nyos m\u0171k\u00f6d\u00e9s\u00e9t, mint egyetemi k\u00f6z\u00fcgyekben kifejtett tev\u00e9kenys\u00e9g\u00e9t\u2026 \u00c9s \u00e9pp mivel nem kereste a n\u00e9pszer\u0171s\u00e9get, igen nagy tekint\u00e9lyt tudott mag\u00e1nak szerezni, \u00e9s \u00e1ld\u00e1sd\u00fas befoly\u00e1st gyakorolni az egyetemi \u00fcgyek vezet\u00e9s\u00e9re.&#8221;<br \/>\nEgyetemi tan\u00e1rk\u00e9nt f\u0151leg elm\u00e9leti fizikai probl\u00e9m\u00e1kkal foglalkozott, de a vizsg\u00e1lt fizikai probl\u00e9m\u00e1k matematikai h\u00e1tter\u00e9t oly m\u00e9lys\u00e9gben dolgozta ki, hogy azok k\u00f6z\u00f6tt klasszikus matematikai eredm\u00e9nyek is vannak. K\u00fcl\u00f6n\u00f6sk\u00e9ppen a Fourier-f\u00e9le mechanikai elv foglalkoztatta az 1890-es \u00e9vekt\u0151l. Dolgozataiban egyenl\u0151tlens\u00e9gekkel adott k\u00f6t\u00e9sek eset\u00e9n az egyens\u00faly sz\u00fcks\u00e9ges felt\u00e9tel\u00e9t adja meg. Ehhez bebizony\u00edtja a homog\u00e9n line\u00e1ris egyenl\u0151tlens\u00e9gekre vonatkoz\u00f3 t\u00e9tel\u00e9t, amely Farkas-lemma n\u00e9ven az egyik legismertebb magyar matematikai eredm\u00e9ny, s\u0151t egyike a vil\u00e1g matematikai irodalm\u00e1ban a legt\u00f6bbet id\u00e9zett t\u00e9teleknek.<br \/>\nFarkas Gyula egyike a modern optimaliz\u00e1l\u00e1selm\u00e9let megalkot\u00f3inak. Az ut\u00f3bbi \u00e9vtizedekben oly alaposan tanulm\u00e1nyozott \u00e9s sokfel\u00e9 alkalmazott vari\u00e1ci\u00f3s egyenl\u0151tlens\u00e9gek elm\u00e9let\u00e9nek szint\u00e9n el\u0151fut\u00e1ra. Egyetemi el\u0151ad\u00e1sait gondos kidolgoz\u00e1sban litograf\u00e1lva k\u00f6zreadta. A kolozsv\u00e1ri matematikai k\u00f6nyvt\u00e1rban m\u00e9g ma is megtal\u00e1lhat\u00f3k egyetemi jegyzetei: Analytikus mechanika (1907-1908), Analitikus mekanika (1913-1914), Er\u0151tan (1913-1914), A mekanika alaptanai (1913-1914). Ugyancsak megtal\u00e1lhat\u00f3 a Kolozsv\u00e1ron megjelent Vector-tan \u00e9s az egyszer\u0171 inaequatiok tana c\u00edm\u0171 k\u00f6nyve. Ez a vektoranal\u00edzis-k\u00f6nyv tartalmazza kutat\u00e1sainak fontosabb eredm\u00e9nyeit is.<!--more--><\/p>\n","protected":false},"excerpt":{"rendered":"<p>Farkas Gyula-eml\u00e9k\u00e9rem alap\u00edt\u00f3 okirata I.\u00a0Indokl\u00e1s Az Eml\u00e9k\u00e9rem alap\u00edt\u00e1s\u00e1nak c\u00e9lja, hogy a rom\u00e1niai magyar nyelv\u0171 matematikai \u00e9s informatikai ismeretek terjeszt\u00e9s\u00e9ben \u00e9s a tehets\u00e9ggondoz\u00e1sban kiemelked\u0151 eredm\u00e9nyt el\u00e9rt szakemberek tev\u00e9kenys\u00e9g\u00e9t elismerje. Az Eml\u00e9k\u00e9remmel kifejezett elismer\u00e9s erk\u00f6lcsi jelleg\u0171, p\u00e9nzjutalommal nem j\u00e1r. A Farkas Gyula-eml\u00e9k\u00e9rem Sz\u00e9chenyi Kinga m\u0171ve, m\u0171v\u00e9szi kivitel\u0171 bronzplakett, Farkas Gyula k\u00e9p\u00e9vel \u00e9s a k\u00f6vetkez\u0151 felirattal: \u201eFarkas Gyula&hellip; <a class=\"read-more-link\" href=\"http:\/\/matlap.org\/s\/farkas-gyula-emlekerem\/\">Tov\u00e1bb<\/a><\/p>\n","protected":false},"author":1,"featured_media":0,"parent":0,"menu_order":0,"comment_status":"closed","ping_status":"closed","template":"","meta":{"footnotes":""},"_links":{"self":[{"href":"http:\/\/matlap.org\/s\/wp-json\/wp\/v2\/pages\/49"}],"collection":[{"href":"http:\/\/matlap.org\/s\/wp-json\/wp\/v2\/pages"}],"about":[{"href":"http:\/\/matlap.org\/s\/wp-json\/wp\/v2\/types\/page"}],"author":[{"embeddable":true,"href":"http:\/\/matlap.org\/s\/wp-json\/wp\/v2\/users\/1"}],"replies":[{"embeddable":true,"href":"http:\/\/matlap.org\/s\/wp-json\/wp\/v2\/comments?post=49"}],"version-history":[{"count":12,"href":"http:\/\/matlap.org\/s\/wp-json\/wp\/v2\/pages\/49\/revisions"}],"predecessor-version":[{"id":1340,"href":"http:\/\/matlap.org\/s\/wp-json\/wp\/v2\/pages\/49\/revisions\/1340"}],"wp:attachment":[{"href":"http:\/\/matlap.org\/s\/wp-json\/wp\/v2\/media?parent=49"}],"curies":[{"name":"wp","href":"https:\/\/api.w.org\/{rel}","templated":true}]}}