{"id":6,"date":"2016-09-21T18:28:09","date_gmt":"2016-09-21T18:28:09","guid":{"rendered":"http:\/\/matlap.org\/s\/?page_id=6"},"modified":"2024-10-01T15:22:55","modified_gmt":"2024-10-01T13:22:55","slug":"matlap","status":"publish","type":"page","link":"http:\/\/matlap.org\/s\/matlap\/","title":{"rendered":"Matlap"},"content":{"rendered":"<p><strong>Matlap \u2013 Ifj\u00fas\u00e1gi matematikai lapok<\/strong><\/p>\n<p><strong>\u00a0<\/strong><\/p>\n<p>Az 1993-ban alakult <a href=\"https:\/\/matlap.org\/s\/rado-ferenc-matematikamuvelo-tarsasag\/\">Rad\u00f3 Ferenc Matematikam\u0171vel\u0151 T\u00e1rsas\u00e1g<\/a> 1997-t\u0151l adja ki a<em> Matlap<\/em> ifj\u00fas\u00e1gi matematikai szaklapot. \u00c9vente t\u00edz sz\u00e1mban jelenik meg az iskolai tan\u00e9v folyam\u00e1n szeptember-j\u00fanius h\u00f3napokban, 40 oldalon. Els\u0151sorban \u00e1ltal\u00e1nos \u00e9s k\u00f6z\u00e9piskol\u00e1s di\u00e1kok sz\u00e1m\u00e1ra k\u00e9sz\u00fcl, de elemi iskol\u00e1sok sz\u00e1m\u00e1ra is tartalmaz feladatokat.<\/p>\n<p>Lapunk t\u00f6bb mint 70 \u00e9ves m\u00faltra tekint vissza, az 1953-t\u00f3l kiadott <em>Matematikai \u00e9s Fizikai Lapok<\/em>, k\u00e9s\u0151bbi <em>Matematikai Lapok<\/em> ut\u00f3dja.<\/p>\n<p><strong>\u00a0<\/strong><\/p>\n<p><strong>F\u0151szerkeszt\u0151: <\/strong>dr. Szenkovits Ferenc<\/p>\n<p><strong>Szerkeszt\u0151k: <\/strong>Adorj\u00e1ni Csilla, S\u00e1rk\u00e1ny Gy\u00f6rgyi<\/p>\n<p><strong>M\u0171szaki szerkeszt\u0151: <\/strong>N\u00e9da Zsuzsa<\/p>\n<p><strong>\u00a0<\/strong><\/p>\n<p><strong>Megrendelhet\u0151<\/strong> az iskol\u00e1kban tan\u00edt\u00f3 matematikatan\u00e1rokn\u00e1l vagy a szerkeszt\u0151s\u00e9gben.<\/p>\n<p><strong>\u00a0<\/strong><\/p>\n<p><a href=\"http:\/\/matlap.org\/s\/wp-content\/uploads\/2016\/11\/KolumbanJ_2013_10.pdf\"><b id=\"m_-1917285525081423521yui_3_16_0_1_1476120612531_4117\">Dr. Kolumb\u00e1n J\u00f3zsef: Hatvan \u00e9v a magyar nyelv\u0171 matematikaoktat\u00e1s szolg\u00e1lat\u00e1ban<\/b><\/a><\/p>\n","protected":false},"excerpt":{"rendered":"<p>Matlap \u2013 Ifj\u00fas\u00e1gi matematikai lapok \u00a0 Az 1993-ban alakult Rad\u00f3 Ferenc Matematikam\u0171vel\u0151 T\u00e1rsas\u00e1g 1997-t\u0151l adja ki a Matlap ifj\u00fas\u00e1gi matematikai szaklapot. \u00c9vente t\u00edz sz\u00e1mban jelenik meg az iskolai tan\u00e9v folyam\u00e1n szeptember-j\u00fanius h\u00f3napokban, 40 oldalon. Els\u0151sorban \u00e1ltal\u00e1nos \u00e9s k\u00f6z\u00e9piskol\u00e1s di\u00e1kok sz\u00e1m\u00e1ra k\u00e9sz\u00fcl, de elemi iskol\u00e1sok sz\u00e1m\u00e1ra is tartalmaz feladatokat. Lapunk t\u00f6bb mint 70 \u00e9ves m\u00faltra tekint&hellip; <a class=\"read-more-link\" href=\"http:\/\/matlap.org\/s\/matlap\/\">Tov\u00e1bb<\/a><\/p>\n","protected":false},"author":1,"featured_media":0,"parent":0,"menu_order":0,"comment_status":"closed","ping_status":"closed","template":"","meta":{"footnotes":""},"_links":{"self":[{"href":"http:\/\/matlap.org\/s\/wp-json\/wp\/v2\/pages\/6"}],"collection":[{"href":"http:\/\/matlap.org\/s\/wp-json\/wp\/v2\/pages"}],"about":[{"href":"http:\/\/matlap.org\/s\/wp-json\/wp\/v2\/types\/page"}],"author":[{"embeddable":true,"href":"http:\/\/matlap.org\/s\/wp-json\/wp\/v2\/users\/1"}],"replies":[{"embeddable":true,"href":"http:\/\/matlap.org\/s\/wp-json\/wp\/v2\/comments?post=6"}],"version-history":[{"count":14,"href":"http:\/\/matlap.org\/s\/wp-json\/wp\/v2\/pages\/6\/revisions"}],"predecessor-version":[{"id":1460,"href":"http:\/\/matlap.org\/s\/wp-json\/wp\/v2\/pages\/6\/revisions\/1460"}],"wp:attachment":[{"href":"http:\/\/matlap.org\/s\/wp-json\/wp\/v2\/media?parent=6"}],"curies":[{"name":"wp","href":"https:\/\/api.w.org\/{rel}","templated":true}]}}