{"id":798,"date":"2021-10-25T12:24:44","date_gmt":"2021-10-25T09:24:44","guid":{"rendered":"http:\/\/matlap.org\/s\/?page_id=798"},"modified":"2025-09-09T10:14:07","modified_gmt":"2025-09-09T08:14:07","slug":"terjesztok","status":"publish","type":"page","link":"http:\/\/matlap.org\/s\/terjesztok\/","title":{"rendered":"Terjeszt\u0151k"},"content":{"rendered":"\n<p><strong>Megrendelhet\u0151 az iskol\u00e1kban tan\u00edt\u00f3 matematikatan\u00e1rokn\u00e1l vagy a szerkeszt\u0151s\u00e9gben.<\/strong><\/p>\n\n\n\n<p><strong>Lapterjeszt\u0151 tan\u00e1rok<\/strong><\/p>\n\n\n\n<figure class=\"wp-block-table\"><table><tbody><tr><td><strong>ARAD megye<\/strong><\/td><td><\/td><\/tr><tr><td>     Arad<\/td><td>P\u00e1lfi Anett (Csiky Gergely F\u0151gimn.)<\/td><\/tr><tr><td><strong>BESZTERCE-NASZ\u00d3D megye<\/strong><\/td><td><\/td><\/tr><tr><td>     Beszterce<\/td><td>Fodor Erika (Andrei Mure\u0219anu F\u0151gimn.)<\/td><\/tr><tr><td><strong>BIHAR megye<\/strong><\/td><td><\/td><\/tr><tr><td>     Biharf\u00e9legyh\u00e1za<\/td><td>Balogh T\u00e1bitha (Jak\u00f3 Zsigmond \u00c1lt. Isk.)<\/td><\/tr><tr><td>     Margitta<\/td><td>Pusk\u00e1s Enik\u0151 (Horv\u00e1th J\u00e1nos Elm. L\u00edc.)<\/td><\/tr><tr><td>     Nagyszalonta<\/td><td>Nagy Olga (Arany J\u00e1nos Elm.L\u00edc.)<\/td><\/tr><tr><td>     Nagyv\u00e1rad<\/td><td>G\u00e1l Ildik\u00f3 (Mihai Eminescu F\u0151gimn.)<\/td><\/tr><tr><td><strong>BRASS\u00d3 megye<\/strong><\/td><td><\/td><\/tr><tr><td>     Brass\u00f3<\/td><td>Sz\u0151ts Ildik\u00f3 Emese (\u00c1prily Lajos F\u0151gimn.)<\/td><\/tr><tr><td>     N\u00e9gyfalu<\/td><td>Mikl\u00f3s Melinda (Zajzoni Rab Istv\u00e1n L\u00edc.)<\/td><\/tr><tr><td><strong>BUKAREST<\/strong><\/td><td>Forr\u00f3 Enik\u0151 (Ady Endre Elm. L\u00edc.)<\/td><\/tr><tr><td><strong>FEH\u00c9R megye<\/strong><\/td><td><\/td><\/tr><tr><td>     Nagyenyed<\/td><td>Turzai Ildik\u00f3 (Bethlen G\u00e1bor Koll.)<\/td><\/tr><tr><td><strong>HARGITA megye<\/strong><\/td><td><\/td><\/tr><tr><td>     Cs\u00edkszereda<\/td><td>Simon J\u00f3zsef (Pet\u0151fi S\u00e1ndor \u00c1lt. Isk.)<\/td><\/tr><tr><td>     Gyergy\u00f3alfalu<\/td><td>Bencz\u0151 Piroska (S\u00f6v\u00e9r Elek L\u00edc.)<\/td><\/tr><tr><td>     Homor\u00f3dalm\u00e1s<\/td><td>Szondi Zsolt (D\u00e1vid Ferenc \u00c1lt. Isk.)<\/td><\/tr><tr><td>     Sz\u00e9kelykereszt\u00far<\/td><td>Sim\u00f3 Margit (Orb\u00e1n Bal\u00e1zs Gimn.)<\/td><\/tr><tr><td>     Sz\u00e9kelyudvarhely<\/td><td>D\u00e1vid G\u00e9za (Tam\u00e1si \u00c1ron Gimn.)<\/td><\/tr><tr><td><strong>HUNYAD megye<\/strong><\/td><td><\/td><\/tr><tr><td>     D\u00e9va<\/td><td>Kov\u00e1cs Erzs\u00e9bet (T\u00e9gl\u00e1s G\u00e1bor Elm. L\u00edc.)<\/td><\/tr><tr><td><strong>KOLOZS megye<\/strong><\/td><td><\/td><\/tr><tr><td>    <\/td><td><\/td><\/tr><tr><td>    B\u00e1lv\u00e1nyosv\u00e1ralja<\/td><td>Ferencz Ilona (\u00c1lt. Isk.)<\/td><\/tr><tr><td>     Kolozsv\u00e1r<\/td><td>Sz\u00e1sz Enik\u0151 (Brassai S\u00e1muel Elm. L\u00edc.)<br><br>Kov\u00e1cs M\u00e1rta (Reform\u00e1tus Koll.)<br><br>Rokaly R\u00e9ka (Ap\u00e1czai Csere J\u00e1nos Elm. L\u00edc.)<br><br>So\u00f3s Em\u0151ke (J\u00e1nos Zsigmond Unit\u00e1rius Koll.)<br><br>Nagy \u00d6rs (B\u00e1thory Istv\u00e1n Elm. L\u00edc.)<br><br><a href=\"https:\/\/matlap.org\/s\/elerhetoseg\/\">Matlap szerkeszt\u0151s\u00e9ge<\/a><\/td><\/tr><tr><td>     Torda<\/td><td>Durugy Erika (J\u00f3sika Mikl\u00f3s Elm. L\u00edc.)<\/td><\/tr><tr><td><strong>KOV\u00c1SZNA megye<\/strong><\/td><td><\/td><\/tr><tr><td>     Bar\u00f3t<\/td><td>Bal\u00f3 Szende (Ga\u00e1l&nbsp; M\u00f3zes \u00c1lt. Isk.)<\/td><\/tr><tr><td>     K\u00e9zdiv\u00e1s\u00e1rhely<\/td><td>Mike Ildik\u00f3 (Nagy M\u00f3zes Elm. L\u00edc.)<\/td><\/tr><tr><td>     Kov\u00e1szna<\/td><td>Kov\u00e1cs L\u00edvia (K\u0151r\u00f6si Csoma S\u00e1ndor L\u00edc.)<\/td><\/tr><tr><td>     Sepsiszentgy\u00f6rgy<\/td><td>\u0218uiu \u00c9va (V\u00e1radi J\u00f3zsef \u00c1lt. Isk.)<br><br>Ol\u00e1h-Ilkei \u00c1rp\u00e1d (Sz\u00e9kely Mik\u00f3 Koll.)<br><br>M\u00e1th\u00e9 Attila (Mikes Kelemen Elm. L\u00edc.)<\/td><\/tr><tr><td><strong>MAROS megye<\/strong><\/td><td><\/td><\/tr><tr><td>    Koronka<\/td><td>Kov\u00e1cs Emma (Tholdalagi Mih\u00e1ly \u00c1lt. Isk.)<\/td><\/tr><tr><td>    Marosszentgy\u00f6rgy<\/td><td>Darida M\u00e1rta (Szent Gy\u00f6rgy \u00c1lt. Isk.)<\/td><\/tr><tr><td>     Marosv\u00e1s\u00e1rhely<\/td><td>Magyari Levente (Dacia \u00c1lt. Isk.)<br><br>Gagyi Ella (Mihai Viteazul \u00c1lt. Isk.)<br><br>Gy\u00f6rgy Gabriella (Bolyai Farkas Elm. L\u00edc.)<br><br>Hanusz \u00c9va (Eur\u00f3pa Gimn.) <\/td><\/tr><tr><td>     Nagyernye<\/td><td>Sz\u00e9kely Endre (Apafi Mih\u00e1ly \u00c1lt. Isk.)<\/td><\/tr><tr><td>     Segesv\u00e1r<\/td><td>L\u00e1szl\u00f3 Imola (Mircea Eliade F\u0151gimn.)<\/td><\/tr><tr><td>     Sz\u00e1szr\u00e9gen<\/td><td>Nagy Zsuzsa (Petru Maior Elm. L\u00edc.)<\/td><\/tr><tr><td>     Szov\u00e1ta<\/td><td>Portik Antal (Domokos K\u00e1zm\u00e9r L\u00edc.)<\/td><\/tr><tr><td><strong>M\u00c1RAMAROS megye<\/strong><\/td><td><\/td><\/tr><tr><td>     M\u00e1ramarossziget<\/td><td>Tak\u00e1cs Attila (Le\u00f6vey Kl\u00e1ra Elm. L\u00edc.)<\/td><\/tr><tr><td>     Nagyb\u00e1nya<\/td><td>Z\u00e1k\u00e1ny M\u00f3nika (N\u00e9meth L\u00e1szl\u00f3 Elm. L\u00edc.)<\/td><\/tr><tr><td><strong>SZATM\u00c1R megye<\/strong><\/td><td><\/td><\/tr><tr><td>     Hadad<\/td><td>L\u00e1szl\u00f3 Ren\u00e1ta (Wessel\u00e9nyi \u00c1lt. Isk.)<\/td><\/tr><tr><td>     Nagyk\u00e1roly<\/td><td>Czenter Enik\u0151 (Elm. L\u00edc.)<\/td><\/tr><tr><td>     Szatm\u00e1rn\u00e9meti<\/td><td>Cziprok Andr\u00e1s (K\u00f6lcsey Ferenc F\u0151gimn.)<\/td><\/tr><tr><td>     Tasn\u00e1d<\/td><td>Ruff Zs\u00f3fia (Technol\u00f3giai L\u00edc.)<\/td><\/tr><tr><td><strong>SZEBEN megye:<\/strong><\/td><td><\/td><\/tr><tr><td>     Medgyes<\/td><td>Sz\u00e9kely \u00c9va (B\u00e1thory Istv\u00e1n \u00c1lt. Isk.)<\/td><\/tr><tr><td><strong>SZIL\u00c1GY megye<\/strong><\/td><td><\/td><\/tr><tr><td>    Zilah<\/td><td>Bern\u00e1t Andrea (Mihai Eminescu \u00c1lt. Isk.) <br><br>Nagy Lenke (Wessel\u00e9nyi Reform\u00e1tus Koll\u00e9gium)<\/td><\/tr><tr><td><strong> TEMES megye<\/strong>  <\/td><td><\/td><\/tr><tr><td>      Temesv\u00e1r<\/td><td>P\u0103curar M\u00e1ria (Bart\u00f3k B\u00e9la Elm. L\u00edc.)<\/td><\/tr><\/tbody><\/table><\/figure>\n","protected":false},"excerpt":{"rendered":"<p>Megrendelhet\u0151 az iskol\u00e1kban tan\u00edt\u00f3 matematikatan\u00e1rokn\u00e1l vagy a szerkeszt\u0151s\u00e9gben. Lapterjeszt\u0151 tan\u00e1rok ARAD megye Arad P\u00e1lfi Anett (Csiky Gergely F\u0151gimn.) BESZTERCE-NASZ\u00d3D megye Beszterce Fodor Erika (Andrei Mure\u0219anu F\u0151gimn.) BIHAR megye Biharf\u00e9legyh\u00e1za Balogh T\u00e1bitha (Jak\u00f3 Zsigmond \u00c1lt. Isk.) Margitta Pusk\u00e1s Enik\u0151 (Horv\u00e1th J\u00e1nos Elm. L\u00edc.) Nagyszalonta Nagy Olga (Arany J\u00e1nos Elm.L\u00edc.) Nagyv\u00e1rad G\u00e1l Ildik\u00f3 (Mihai Eminescu F\u0151gimn.) BRASS\u00d3&hellip; <a class=\"read-more-link\" href=\"http:\/\/matlap.org\/s\/terjesztok\/\">Tov\u00e1bb<\/a><\/p>\n","protected":false},"author":2,"featured_media":0,"parent":0,"menu_order":0,"comment_status":"closed","ping_status":"closed","template":"","meta":{"footnotes":""},"_links":{"self":[{"href":"http:\/\/matlap.org\/s\/wp-json\/wp\/v2\/pages\/798"}],"collection":[{"href":"http:\/\/matlap.org\/s\/wp-json\/wp\/v2\/pages"}],"about":[{"href":"http:\/\/matlap.org\/s\/wp-json\/wp\/v2\/types\/page"}],"author":[{"embeddable":true,"href":"http:\/\/matlap.org\/s\/wp-json\/wp\/v2\/users\/2"}],"replies":[{"embeddable":true,"href":"http:\/\/matlap.org\/s\/wp-json\/wp\/v2\/comments?post=798"}],"version-history":[{"count":27,"href":"http:\/\/matlap.org\/s\/wp-json\/wp\/v2\/pages\/798\/revisions"}],"predecessor-version":[{"id":1543,"href":"http:\/\/matlap.org\/s\/wp-json\/wp\/v2\/pages\/798\/revisions\/1543"}],"wp:attachment":[{"href":"http:\/\/matlap.org\/s\/wp-json\/wp\/v2\/media?parent=798"}],"curies":[{"name":"wp","href":"https:\/\/api.w.org\/{rel}","templated":true}]}}